{"id":3708,"date":"2024-10-30T19:22:33","date_gmt":"2024-10-30T17:22:33","guid":{"rendered":"https:\/\/www.sumud.fi\/product\/sumud-laukku-musta\/"},"modified":"2026-01-12T22:00:59","modified_gmt":"2026-01-12T20:00:59","slug":"sumud-kassi-musta-graniitti","status":"publish","type":"product","link":"https:\/\/shop.sumud.fi\/fi\/product\/sumud-kassi-musta-graniitti\/","title":{"rendered":"Sumud kassi, musta graniitti"},"content":{"rendered":"","protected":false},"excerpt":{"rendered":"<p><span style=\"font-weight: 400;\">Voimakkaan printin on suunnitellut Marja Tikka.<\/span><\/p>\n<p>Sumudin perustuote. Tuotteita postitetaan kerran viikossa.<\/p>\n<p><span style=\"font-weight: 400;\"><strong>Materiaali:<\/strong> 100% puuvilla, paksu ja kest\u00e4v\u00e4 kierr\u00e4tys<\/span><span style=\"font-weight: 400;\">kangas. Kankaan kierr\u00e4tyskuidun vuoksi s\u00e4vy vaihtelee erien v\u00e4lill\u00e4.<\/span><\/p>\n","protected":false},"featured_media":6580,"comment_status":"closed","ping_status":"closed","template":"","meta":{"_kad_blocks_custom_css":"","_kad_blocks_head_custom_js":"","_kad_blocks_body_custom_js":"","_kad_blocks_footer_custom_js":"","_kad_post_transparent":"default","_kad_post_title":"","_kad_post_layout":"default","_kad_post_sidebar_id":"","_kad_post_content_style":"default","_kad_post_vertical_padding":"default","_kad_post_feature":"","_kad_post_feature_position":"","_kad_post_header":false,"_kad_post_footer":false,"_kad_post_classname":""},"product_brand":[],"product_cat":[105],"product_tag":[],"class_list":{"0":"post-3708","1":"product","2":"type-product","3":"status-publish","4":"has-post-thumbnail","6":"product_cat-sumud-tuotteet","7":"product_shipping_class-normal-fi","9":"first","10":"instock","11":"shipping-taxable","12":"purchasable","13":"product-type-simple","14":"entry","15":"content-bg","16":"loop-entry"},"taxonomy_info":{"product_cat":[{"value":105,"label":"Sumud Tuotteet"}]},"featured_image_src_large":["https:\/\/shop.sumud.fi\/wp-content\/uploads\/2024\/10\/sumud_kassi_tumma_laaja_vaaleampi_era-683x1024.jpg",683,1024,true],"author_info":[],"comment_info":0,"_links":{"self":[{"href":"https:\/\/shop.sumud.fi\/fi\/wp-json\/wp\/v2\/product\/3708","targetHints":{"allow":["GET"]}}],"collection":[{"href":"https:\/\/shop.sumud.fi\/fi\/wp-json\/wp\/v2\/product"}],"about":[{"href":"https:\/\/shop.sumud.fi\/fi\/wp-json\/wp\/v2\/types\/product"}],"replies":[{"embeddable":true,"href":"https:\/\/shop.sumud.fi\/fi\/wp-json\/wp\/v2\/comments?post=3708"}],"wp:featuredmedia":[{"embeddable":true,"href":"https:\/\/shop.sumud.fi\/fi\/wp-json\/wp\/v2\/media\/6580"}],"wp:attachment":[{"href":"https:\/\/shop.sumud.fi\/fi\/wp-json\/wp\/v2\/media?parent=3708"}],"wp:term":[{"taxonomy":"product_brand","embeddable":true,"href":"https:\/\/shop.sumud.fi\/fi\/wp-json\/wp\/v2\/product_brand?post=3708"},{"taxonomy":"product_cat","embeddable":true,"href":"https:\/\/shop.sumud.fi\/fi\/wp-json\/wp\/v2\/product_cat?post=3708"},{"taxonomy":"product_tag","embeddable":true,"href":"https:\/\/shop.sumud.fi\/fi\/wp-json\/wp\/v2\/product_tag?post=3708"}],"curies":[{"name":"wp","href":"https:\/\/api.w.org\/{rel}","templated":true}]}}