{"id":3937,"date":"2024-10-30T18:10:33","date_gmt":"2024-10-30T16:10:33","guid":{"rendered":"https:\/\/www.sumud.fi\/product\/even-the-flowers-resist-t-paita-valkoinen\/"},"modified":"2025-09-22T13:49:33","modified_gmt":"2025-09-22T10:49:33","slug":"even-the-flowers-resist-t-paita-valkoinen","status":"publish","type":"product","link":"https:\/\/shop.sumud.fi\/fi\/product\/even-the-flowers-resist-t-paita-valkoinen\/","title":{"rendered":"Even the flowers resist. T-paita, valkoinen"},"content":{"rendered":"","protected":false},"excerpt":{"rendered":"<p class=\"p1\">Tyylik\u00e4s tatreezista inspiraationsa ottava kuva on graafisen suunnittelijan, visuaalisen ja esitt\u00e4v\u00e4n taiteilijan Kiia Beilinsonin k\u00e4sialaa. Even the Flowers Resist -tuotteita voi nyt ostaa 31.10.2025 asti! Toimitus 30.11.2025. Toimi nopeasti!<\/p>\n<p><strong>Materiaali: <span style=\"font-weight: 400;\">100% laadukas luomupuuvilla. OEKO-TEX- ja GOTS-sertifikaatit.<\/span><\/strong><\/p>\n<p class=\"p1\"><b>Valmistamme tuotteen juuri sinua varten!<\/b> Koska maailman luonnonvarat ovat rajalliset, emme halua painattaa ylim\u00e4\u00e4r\u00e4isi\u00e4 tekstiilej\u00e4.<span class=\"Apple-converted-space\">\u00a0 <\/span>Valitsethan siis tarkasti toivomasi tuotteen ja koon! Mik\u00e4li kuitenkin havaitset selke\u00e4n virheen tuotteessa, voit palauttaa sen. Lis\u00e4tietoa kohdasta Toimitusehdot.<\/p>\n<p><strong>Koot <\/strong>(katso saatavuus pudotusvalikosta):<\/p>\n<p><img loading=\"lazy\" decoding=\"async\" class=\"alignnone size-full wp-image-5756\" src=\"https:\/\/shop.sumud.fi\/wp-content\/uploads\/2024\/10\/ST101_T_kokotaulukko.jpg\" alt=\"\" width=\"727\" height=\"232\" srcset=\"https:\/\/shop.sumud.fi\/wp-content\/uploads\/2024\/10\/ST101_T_kokotaulukko.jpg 727w, https:\/\/shop.sumud.fi\/wp-content\/uploads\/2024\/10\/ST101_T_kokotaulukko-300x96.jpg 300w, https:\/\/shop.sumud.fi\/wp-content\/uploads\/2024\/10\/ST101_T_kokotaulukko-600x191.jpg 600w\" sizes=\"auto, (max-width: 727px) 100vw, 727px\" \/><\/p>\n","protected":false},"featured_media":3289,"comment_status":"closed","ping_status":"closed","template":"","meta":{"_kad_blocks_custom_css":"","_kad_blocks_head_custom_js":"","_kad_blocks_body_custom_js":"","_kad_blocks_footer_custom_js":"","_kad_post_transparent":"default","_kad_post_title":"","_kad_post_layout":"default","_kad_post_sidebar_id":"","_kad_post_content_style":"default","_kad_post_vertical_padding":"default","_kad_post_feature":"","_kad_post_feature_position":"","_kad_post_header":false,"_kad_post_footer":false,"_kad_post_classname":""},"product_brand":[],"product_cat":[106],"product_tag":[],"class_list":{"0":"post-3937","1":"product","2":"type-product","3":"status-publish","4":"has-post-thumbnail","6":"product_cat-even-the-flowers-resist","7":"product_shipping_class-normal-fi","9":"first","10":"outofstock","11":"shipping-taxable","12":"purchasable","13":"product-type-variable","14":"entry","15":"content-bg","16":"loop-entry"},"taxonomy_info":{"product_cat":[{"value":106,"label":"Even the flowers resist."}]},"featured_image_src_large":["https:\/\/shop.sumud.fi\/wp-content\/uploads\/2024\/10\/01_A2A0052_pieni.jpg",683,1024,false],"author_info":[],"comment_info":0,"_links":{"self":[{"href":"https:\/\/shop.sumud.fi\/fi\/wp-json\/wp\/v2\/product\/3937","targetHints":{"allow":["GET"]}}],"collection":[{"href":"https:\/\/shop.sumud.fi\/fi\/wp-json\/wp\/v2\/product"}],"about":[{"href":"https:\/\/shop.sumud.fi\/fi\/wp-json\/wp\/v2\/types\/product"}],"replies":[{"embeddable":true,"href":"https:\/\/shop.sumud.fi\/fi\/wp-json\/wp\/v2\/comments?post=3937"}],"wp:featuredmedia":[{"embeddable":true,"href":"https:\/\/shop.sumud.fi\/fi\/wp-json\/wp\/v2\/media\/3289"}],"wp:attachment":[{"href":"https:\/\/shop.sumud.fi\/fi\/wp-json\/wp\/v2\/media?parent=3937"}],"wp:term":[{"taxonomy":"product_brand","embeddable":true,"href":"https:\/\/shop.sumud.fi\/fi\/wp-json\/wp\/v2\/product_brand?post=3937"},{"taxonomy":"product_cat","embeddable":true,"href":"https:\/\/shop.sumud.fi\/fi\/wp-json\/wp\/v2\/product_cat?post=3937"},{"taxonomy":"product_tag","embeddable":true,"href":"https:\/\/shop.sumud.fi\/fi\/wp-json\/wp\/v2\/product_tag?post=3937"}],"curies":[{"name":"wp","href":"https:\/\/api.w.org\/{rel}","templated":true}]}}