{"id":4052,"date":"2024-10-30T15:16:00","date_gmt":"2024-10-30T13:16:00","guid":{"rendered":"https:\/\/www.sumud.fi\/product\/liberation-for-all-kassi-denim\/"},"modified":"2025-10-11T18:31:06","modified_gmt":"2025-10-11T15:31:06","slug":"liberation-for-all-kassi-denim","status":"publish","type":"product","link":"https:\/\/shop.sumud.fi\/fi\/product\/liberation-for-all-kassi-denim\/","title":{"rendered":"Liberation for All! Kassi, denim"},"content":{"rendered":"","protected":false},"excerpt":{"rendered":"<p class=\"p1\">Vapauttavan kuvituksen t\u00e4h\u00e4n raikkaaseen tuotesarjaan on suunnitellut monipuolinen, upea graafinen suunnittelija ja kuvataiteilija Elina Warsta. Laadukkaat paidat ja kassit ovat tarjolla 31.10.2025 asti! Toimitus 30.11.2025. Osta nyt!<\/p>\n<p><strong>Materiaali: <span style=\"font-weight: 400;\">100% puuvilla, paksu ja kest\u00e4v\u00e4 kangas.<\/span><\/strong><\/p>\n<p><b>Valmistamme tuotteen juuri sinua varten!<\/b> Koska maailman luonnonvarat ovat rajalliset, emme halua painattaa ylim\u00e4\u00e4r\u00e4isi\u00e4 tekstiilej\u00e4.<span class=\"Apple-converted-space\">\u00a0 <\/span>Valitsethan siis tarkasti toivomasi tuotteen! Mik\u00e4li kuitenkin havaitset selke\u00e4n virheen tuotteessa, voit palauttaa sen. Lis\u00e4tietoa kohdasta Toimitusehdot.<\/p>\n","protected":false},"featured_media":5736,"comment_status":"closed","ping_status":"closed","template":"","meta":{"_kad_blocks_custom_css":"","_kad_blocks_head_custom_js":"","_kad_blocks_body_custom_js":"","_kad_blocks_footer_custom_js":"","_kad_post_transparent":"default","_kad_post_title":"","_kad_post_layout":"default","_kad_post_sidebar_id":"","_kad_post_content_style":"default","_kad_post_vertical_padding":"default","_kad_post_feature":"","_kad_post_feature_position":"","_kad_post_header":false,"_kad_post_footer":false,"_kad_post_classname":""},"product_brand":[],"product_cat":[109],"product_tag":[],"class_list":{"0":"post-4052","1":"product","2":"type-product","3":"status-publish","4":"has-post-thumbnail","6":"product_cat-liberation-for-all","7":"product_shipping_class-normal-fi","9":"first","10":"outofstock","11":"shipping-taxable","12":"purchasable","13":"product-type-simple","14":"entry","15":"content-bg","16":"loop-entry"},"taxonomy_info":{"product_cat":[{"value":109,"label":"Liberation for All!"}]},"featured_image_src_large":["https:\/\/shop.sumud.fi\/wp-content\/uploads\/2024\/10\/01_A2A9176_pieni_b-683x1024.jpg",683,1024,true],"author_info":[],"comment_info":0,"_links":{"self":[{"href":"https:\/\/shop.sumud.fi\/fi\/wp-json\/wp\/v2\/product\/4052","targetHints":{"allow":["GET"]}}],"collection":[{"href":"https:\/\/shop.sumud.fi\/fi\/wp-json\/wp\/v2\/product"}],"about":[{"href":"https:\/\/shop.sumud.fi\/fi\/wp-json\/wp\/v2\/types\/product"}],"replies":[{"embeddable":true,"href":"https:\/\/shop.sumud.fi\/fi\/wp-json\/wp\/v2\/comments?post=4052"}],"wp:featuredmedia":[{"embeddable":true,"href":"https:\/\/shop.sumud.fi\/fi\/wp-json\/wp\/v2\/media\/5736"}],"wp:attachment":[{"href":"https:\/\/shop.sumud.fi\/fi\/wp-json\/wp\/v2\/media?parent=4052"}],"wp:term":[{"taxonomy":"product_brand","embeddable":true,"href":"https:\/\/shop.sumud.fi\/fi\/wp-json\/wp\/v2\/product_brand?post=4052"},{"taxonomy":"product_cat","embeddable":true,"href":"https:\/\/shop.sumud.fi\/fi\/wp-json\/wp\/v2\/product_cat?post=4052"},{"taxonomy":"product_tag","embeddable":true,"href":"https:\/\/shop.sumud.fi\/fi\/wp-json\/wp\/v2\/product_tag?post=4052"}],"curies":[{"name":"wp","href":"https:\/\/api.w.org\/{rel}","templated":true}]}}