{"id":4066,"date":"2024-10-29T14:10:33","date_gmt":"2024-10-29T12:10:33","guid":{"rendered":"https:\/\/www.sumud.fi\/?post_type=product&#038;p=4066"},"modified":"2025-09-24T11:37:31","modified_gmt":"2025-09-24T08:37:31","slug":"end-the-occupation-t-paita-valkoinen","status":"publish","type":"product","link":"https:\/\/shop.sumud.fi\/fi\/product\/end-the-occupation-t-paita-valkoinen\/","title":{"rendered":"End the Occupation! T-paita, valkoinen"},"content":{"rendered":"","protected":false},"excerpt":{"rendered":"<p class=\"p1\">Vahvan printin t\u00e4h\u00e4n tuotesarjaan on suunnitellut loistava monialainen palestiinalainen kuva- ja \u00e4\u00e4nitaiteilija Moe Mustafa. End the Occupation! -paidat ja kassit ovat tilattavissa vain 31.10.2025 asti! Toimitus 30.11.2025. Pid\u00e4 kiirett\u00e4!<\/p>\n<p><strong>Materiaali: <span style=\"font-weight: 400;\">100% laadukas luomupuuvilla. OEKO-TEX- ja GOTS-sertifikaatit. <\/span><\/strong><\/p>\n<p class=\"p1\"><b>Valmistamme tuotteen juuri sinua varten!<\/b> Koska maailman luonnonvarat ovat rajalliset, emme halua painattaa ylim\u00e4\u00e4r\u00e4isi\u00e4 tekstiilej\u00e4.<span class=\"Apple-converted-space\">\u00a0 <\/span>Valitsethan siis tarkasti toivomasi tuotteen ja koon! Mik\u00e4li kuitenkin havaitset selke\u00e4n virheen tuotteessa, voit palauttaa sen. Lis\u00e4tietoa kohdasta Toimitusehdot.<\/p>\n<p><strong>Koot <\/strong>(katso saatavuus pudotusvalikosta):<\/p>\n<p><img loading=\"lazy\" decoding=\"async\" class=\"alignnone size-full wp-image-5756\" src=\"https:\/\/shop.sumud.fi\/wp-content\/uploads\/2024\/10\/ST101_T_kokotaulukko.jpg\" alt=\"\" width=\"727\" height=\"232\" srcset=\"https:\/\/shop.sumud.fi\/wp-content\/uploads\/2024\/10\/ST101_T_kokotaulukko.jpg 727w, https:\/\/shop.sumud.fi\/wp-content\/uploads\/2024\/10\/ST101_T_kokotaulukko-300x96.jpg 300w, https:\/\/shop.sumud.fi\/wp-content\/uploads\/2024\/10\/ST101_T_kokotaulukko-600x191.jpg 600w\" sizes=\"auto, (max-width: 727px) 100vw, 727px\" \/><\/p>\n","protected":false},"featured_media":4098,"comment_status":"closed","ping_status":"closed","template":"","meta":{"_kad_blocks_custom_css":"","_kad_blocks_head_custom_js":"","_kad_blocks_body_custom_js":"","_kad_blocks_footer_custom_js":"","_kad_post_transparent":"default","_kad_post_title":"","_kad_post_layout":"default","_kad_post_sidebar_id":"","_kad_post_content_style":"default","_kad_post_vertical_padding":"default","_kad_post_feature":"","_kad_post_feature_position":"","_kad_post_header":false,"_kad_post_footer":false,"_kad_post_classname":""},"product_brand":[],"product_cat":[107],"product_tag":[],"class_list":{"0":"post-4066","1":"product","2":"type-product","3":"status-publish","4":"has-post-thumbnail","6":"product_cat-end-the-occupation","7":"product_shipping_class-normal-fi","9":"first","10":"outofstock","11":"shipping-taxable","12":"purchasable","13":"product-type-variable","14":"entry","15":"content-bg","16":"loop-entry"},"taxonomy_info":{"product_cat":[{"value":107,"label":"End the Occupation!"}]},"featured_image_src_large":["https:\/\/shop.sumud.fi\/wp-content\/uploads\/2024\/10\/01_A2A9632_pieni-1-683x1024.jpg",683,1024,true],"author_info":[],"comment_info":0,"_links":{"self":[{"href":"https:\/\/shop.sumud.fi\/fi\/wp-json\/wp\/v2\/product\/4066","targetHints":{"allow":["GET"]}}],"collection":[{"href":"https:\/\/shop.sumud.fi\/fi\/wp-json\/wp\/v2\/product"}],"about":[{"href":"https:\/\/shop.sumud.fi\/fi\/wp-json\/wp\/v2\/types\/product"}],"replies":[{"embeddable":true,"href":"https:\/\/shop.sumud.fi\/fi\/wp-json\/wp\/v2\/comments?post=4066"}],"wp:featuredmedia":[{"embeddable":true,"href":"https:\/\/shop.sumud.fi\/fi\/wp-json\/wp\/v2\/media\/4098"}],"wp:attachment":[{"href":"https:\/\/shop.sumud.fi\/fi\/wp-json\/wp\/v2\/media?parent=4066"}],"wp:term":[{"taxonomy":"product_brand","embeddable":true,"href":"https:\/\/shop.sumud.fi\/fi\/wp-json\/wp\/v2\/product_brand?post=4066"},{"taxonomy":"product_cat","embeddable":true,"href":"https:\/\/shop.sumud.fi\/fi\/wp-json\/wp\/v2\/product_cat?post=4066"},{"taxonomy":"product_tag","embeddable":true,"href":"https:\/\/shop.sumud.fi\/fi\/wp-json\/wp\/v2\/product_tag?post=4066"}],"curies":[{"name":"wp","href":"https:\/\/api.w.org\/{rel}","templated":true}]}}