{"id":4107,"date":"2024-10-30T19:08:15","date_gmt":"2024-10-30T17:08:15","guid":{"rendered":"https:\/\/www.sumud.fi\/product\/liberation-for-all-huppari-harmaa\/"},"modified":"2025-10-08T22:38:17","modified_gmt":"2025-10-08T19:38:17","slug":"liberation-for-all-huppari-harmaa","status":"publish","type":"product","link":"https:\/\/shop.sumud.fi\/fi\/product\/liberation-for-all-huppari-harmaa\/","title":{"rendered":"Liberation for All! Huppari, harmaa"},"content":{"rendered":"","protected":false},"excerpt":{"rendered":"<p class=\"p1\">Vapauttavan kuvituksen t\u00e4h\u00e4n raikkaaseen tuotesarjaan on suunnitellut monipuolinen, upea graafinen suunnittelija ja kuvataiteilija Elina Warsta. Laadukkaat paidat ja kassit ovat tarjolla 31.10.2025 asti! Toimitus 30.11.2025. Osta nyt!<\/p>\n<p><strong>Materiaali: <span style=\"font-weight: 400;\">74% puuvilla, 11 % polyesteri, 15% viskoosi, kierr\u00e4tyskuitu. <\/span><span style=\"font-weight: 400;\">OEKO-TEX sertifioitu<\/span><span style=\"font-weight: 400;\">.<\/span><\/strong><\/p>\n<p><strong>Valmistamme tuotteen juuri sinua varten!<\/strong> Koska maailman luonnonvarat ovat rajalliset, emme halua painattaa ylim\u00e4\u00e4r\u00e4isi\u00e4 tekstiilej\u00e4.<span class=\"Apple-converted-space\">\u00a0 <\/span>Valitsethan siis tarkasti toivomasi tuotteen ja koon! Mik\u00e4li kuitenkin havaitset selke\u00e4n virheen tuotteessa, voit palauttaa sen. Lis\u00e4tietoa kohdasta Toimitusehdot.<\/p>\n<p><strong>Koot <\/strong>(katso saatavuus pudotusvalikosta):<\/p>\n<p><img loading=\"lazy\" decoding=\"async\" class=\"alignnone size-full wp-image-5744\" src=\"https:\/\/shop.sumud.fi\/wp-content\/uploads\/2024\/10\/000718_Hooded_Sweat-1.jpg\" alt=\"\" width=\"859\" height=\"390\" srcset=\"https:\/\/shop.sumud.fi\/wp-content\/uploads\/2024\/10\/000718_Hooded_Sweat-1.jpg 859w, https:\/\/shop.sumud.fi\/wp-content\/uploads\/2024\/10\/000718_Hooded_Sweat-1-300x136.jpg 300w, https:\/\/shop.sumud.fi\/wp-content\/uploads\/2024\/10\/000718_Hooded_Sweat-1-768x349.jpg 768w, https:\/\/shop.sumud.fi\/wp-content\/uploads\/2024\/10\/000718_Hooded_Sweat-1-600x272.jpg 600w\" sizes=\"auto, (max-width: 859px) 100vw, 859px\" \/><\/p>\n","protected":false},"featured_media":3508,"comment_status":"closed","ping_status":"closed","template":"","meta":{"_kad_blocks_custom_css":"","_kad_blocks_head_custom_js":"","_kad_blocks_body_custom_js":"","_kad_blocks_footer_custom_js":"","_kad_post_transparent":"default","_kad_post_title":"","_kad_post_layout":"default","_kad_post_sidebar_id":"","_kad_post_content_style":"default","_kad_post_vertical_padding":"default","_kad_post_feature":"","_kad_post_feature_position":"","_kad_post_header":false,"_kad_post_footer":false,"_kad_post_classname":""},"product_brand":[],"product_cat":[109],"product_tag":[],"class_list":{"0":"post-4107","1":"product","2":"type-product","3":"status-publish","4":"has-post-thumbnail","6":"product_cat-liberation-for-all","7":"product_shipping_class-normal-fi","9":"first","10":"outofstock","11":"shipping-taxable","12":"purchasable","13":"product-type-variable","14":"entry","15":"content-bg","16":"loop-entry"},"taxonomy_info":{"product_cat":[{"value":109,"label":"Liberation for All!"}]},"featured_image_src_large":["https:\/\/shop.sumud.fi\/wp-content\/uploads\/2024\/10\/01_A2A0030_pieni-683x1024.jpg",683,1024,true],"author_info":[],"comment_info":0,"_links":{"self":[{"href":"https:\/\/shop.sumud.fi\/fi\/wp-json\/wp\/v2\/product\/4107","targetHints":{"allow":["GET"]}}],"collection":[{"href":"https:\/\/shop.sumud.fi\/fi\/wp-json\/wp\/v2\/product"}],"about":[{"href":"https:\/\/shop.sumud.fi\/fi\/wp-json\/wp\/v2\/types\/product"}],"replies":[{"embeddable":true,"href":"https:\/\/shop.sumud.fi\/fi\/wp-json\/wp\/v2\/comments?post=4107"}],"wp:featuredmedia":[{"embeddable":true,"href":"https:\/\/shop.sumud.fi\/fi\/wp-json\/wp\/v2\/media\/3508"}],"wp:attachment":[{"href":"https:\/\/shop.sumud.fi\/fi\/wp-json\/wp\/v2\/media?parent=4107"}],"wp:term":[{"taxonomy":"product_brand","embeddable":true,"href":"https:\/\/shop.sumud.fi\/fi\/wp-json\/wp\/v2\/product_brand?post=4107"},{"taxonomy":"product_cat","embeddable":true,"href":"https:\/\/shop.sumud.fi\/fi\/wp-json\/wp\/v2\/product_cat?post=4107"},{"taxonomy":"product_tag","embeddable":true,"href":"https:\/\/shop.sumud.fi\/fi\/wp-json\/wp\/v2\/product_tag?post=4107"}],"curies":[{"name":"wp","href":"https:\/\/api.w.org\/{rel}","templated":true}]}}