{"id":5334,"date":"2025-01-04T16:41:13","date_gmt":"2025-01-04T14:41:13","guid":{"rendered":"https:\/\/shop.sumud.fi\/?post_type=product&#038;p=5334"},"modified":"2026-01-12T22:00:59","modified_gmt":"2026-01-12T20:00:59","slug":"the-land-of-poppy-anemone","status":"publish","type":"product","link":"https:\/\/shop.sumud.fi\/fi\/product\/the-land-of-poppy-anemone\/","title":{"rendered":"The Land of Poppy Anemone"},"content":{"rendered":"","protected":false},"excerpt":{"rendered":"<p><span style=\"font-weight: 400;\">Monialaisen palestiinalaistaiteilija Moe Mustafan suunnittelema The Land of Poppy Anemone esitt\u00e4\u00e4 Palestiinan karttaa, joka on peittynyt alueelle tyypillisill\u00e4 kruunuvuokoilla. Kuvituksesta l\u00f6ytyy my\u00f6s arabian kielen sana Sumud, joka tarkoittaa vastarintaa. Juliste saatavilla niin pitk\u00e4\u00e4n kuin tuotteita riitt\u00e4\u00e4. Hanki omasi nyt!<\/span><\/p>\n<p><span style=\"font-weight: 400;\"><strong>Koko ja materiaali:<\/strong> 50&#215;70 cm, paperi G-Snow 170g, Suomessa painettu<\/span><\/p>\n<p>Tuotteita postitetaan viikottain.<\/p>\n","protected":false},"featured_media":5336,"comment_status":"closed","ping_status":"closed","template":"","meta":{"_kad_blocks_custom_css":"","_kad_blocks_head_custom_js":"","_kad_blocks_body_custom_js":"","_kad_blocks_footer_custom_js":"","_kad_post_transparent":"default","_kad_post_title":"","_kad_post_layout":"default","_kad_post_sidebar_id":"","_kad_post_content_style":"default","_kad_post_vertical_padding":"default","_kad_post_feature":"","_kad_post_feature_position":"","_kad_post_header":false,"_kad_post_footer":false,"_kad_post_classname":""},"product_brand":[],"product_cat":[118],"product_tag":[],"class_list":{"0":"post-5334","1":"product","2":"type-product","3":"status-publish","4":"has-post-thumbnail","6":"product_cat-julisteet","7":"product_shipping_class-normal-fi","9":"first","10":"instock","11":"shipping-taxable","12":"purchasable","13":"product-type-simple","14":"entry","15":"content-bg","16":"loop-entry"},"taxonomy_info":{"product_cat":[{"value":118,"label":"Julisteet"}]},"featured_image_src_large":["https:\/\/shop.sumud.fi\/wp-content\/uploads\/2025\/01\/the_land_of_poppy_anemone-724x1024.jpg",724,1024,true],"author_info":[],"comment_info":0,"_links":{"self":[{"href":"https:\/\/shop.sumud.fi\/fi\/wp-json\/wp\/v2\/product\/5334","targetHints":{"allow":["GET"]}}],"collection":[{"href":"https:\/\/shop.sumud.fi\/fi\/wp-json\/wp\/v2\/product"}],"about":[{"href":"https:\/\/shop.sumud.fi\/fi\/wp-json\/wp\/v2\/types\/product"}],"replies":[{"embeddable":true,"href":"https:\/\/shop.sumud.fi\/fi\/wp-json\/wp\/v2\/comments?post=5334"}],"wp:featuredmedia":[{"embeddable":true,"href":"https:\/\/shop.sumud.fi\/fi\/wp-json\/wp\/v2\/media\/5336"}],"wp:attachment":[{"href":"https:\/\/shop.sumud.fi\/fi\/wp-json\/wp\/v2\/media?parent=5334"}],"wp:term":[{"taxonomy":"product_brand","embeddable":true,"href":"https:\/\/shop.sumud.fi\/fi\/wp-json\/wp\/v2\/product_brand?post=5334"},{"taxonomy":"product_cat","embeddable":true,"href":"https:\/\/shop.sumud.fi\/fi\/wp-json\/wp\/v2\/product_cat?post=5334"},{"taxonomy":"product_tag","embeddable":true,"href":"https:\/\/shop.sumud.fi\/fi\/wp-json\/wp\/v2\/product_tag?post=5334"}],"curies":[{"name":"wp","href":"https:\/\/api.w.org\/{rel}","templated":true}]}}