{"id":5623,"date":"2025-02-01T10:32:47","date_gmt":"2025-02-01T08:32:47","guid":{"rendered":"https:\/\/shop.sumud.fi\/?post_type=product&#038;p=5623"},"modified":"2026-01-07T12:20:09","modified_gmt":"2026-01-07T10:20:09","slug":"israelin-apartheid","status":"publish","type":"product","link":"https:\/\/shop.sumud.fi\/fi\/product\/israelin-apartheid\/","title":{"rendered":"Syksy R\u00e4s\u00e4nen: Israelin apartheid"},"content":{"rendered":"","protected":false},"excerpt":{"rendered":"<p>Israelin\/Palestiinan tilanteesta uutisoidaan l\u00e4hinn\u00e4 tilanteen eskaloituessa ja sen taustoja ymm\u00e4rret\u00e4\u00e4n huonosti. Monella suomalaisella on my\u00f6s vaikeasti muutettavia ennakkok\u00e4sityksi\u00e4 aiheesta. Israelin Gazassa suorittama kansanmurha n\u00e4kyy niin kaduilla kuin sosiaalisessa mediassa Suomessa ja ymp\u00e4ri maailmaa.<\/p>\n<p>Syksy R\u00e4s\u00e4nen osoittaa kiitetyn Israelin apartheidin -kirjansa kolmannessa painoksessa, kuinka tapahtumien ytimess\u00e4 on Israelin j\u00e4rjestelm\u00e4, joka asettaa ihmiset erilaiseen asemaan ja jakaa heid\u00e4t eri asuinalueille etnisen taustan mukaan. J\u00e4rjestelm\u00e4 t\u00e4ytt\u00e4\u00e4 kansainv\u00e4lisen oikeuden m\u00e4\u00e4ritelm\u00e4n apartheidille, mutta se ei ole toisinto Etel\u00e4-Afrikasta, vaan ainutlaatuinen omanlaisensa versio rotuerottelusta.<\/p>\n<p>Israelin apartheid on ensimm\u00e4inen suomenkielinen kokonaisesitys t\u00e4m\u00e4n j\u00e4rjestelm\u00e4n historiasta, nykytilanteesta ja h\u00e4\u00e4m\u00f6tt\u00e4v\u00e4st\u00e4 lopusta. Syksy R\u00e4s\u00e4nen on kosmologi, teoreettisen fysiikan dosentti ja yliopistotutkija Helsingin yliopistossa.<\/p>\n<p>Pokkari, 3. painos.<\/p>\n<p>408 sivua<\/p>\n","protected":false},"featured_media":5625,"comment_status":"closed","ping_status":"closed","template":"","meta":{"_kad_blocks_custom_css":"","_kad_blocks_head_custom_js":"","_kad_blocks_body_custom_js":"","_kad_blocks_footer_custom_js":"","_kad_post_transparent":"default","_kad_post_title":"","_kad_post_layout":"default","_kad_post_sidebar_id":"","_kad_post_content_style":"default","_kad_post_vertical_padding":"default","_kad_post_feature":"","_kad_post_feature_position":"","_kad_post_header":false,"_kad_post_footer":false,"_kad_post_classname":""},"product_brand":[],"product_cat":[118],"product_tag":[],"class_list":{"0":"post-5623","1":"product","2":"type-product","3":"status-publish","4":"has-post-thumbnail","6":"product_cat-julisteet","7":"product_shipping_class-normal-fi","9":"first","10":"instock","11":"shipping-taxable","12":"purchasable","13":"product-type-simple","14":"entry","15":"content-bg","16":"loop-entry"},"taxonomy_info":{"product_cat":[{"value":118,"label":"Julisteet"}]},"featured_image_src_large":["https:\/\/shop.sumud.fi\/wp-content\/uploads\/2025\/02\/Israelin_apartheid_tuotekuva-683x1024.jpg",683,1024,true],"author_info":[],"comment_info":0,"_links":{"self":[{"href":"https:\/\/shop.sumud.fi\/fi\/wp-json\/wp\/v2\/product\/5623","targetHints":{"allow":["GET"]}}],"collection":[{"href":"https:\/\/shop.sumud.fi\/fi\/wp-json\/wp\/v2\/product"}],"about":[{"href":"https:\/\/shop.sumud.fi\/fi\/wp-json\/wp\/v2\/types\/product"}],"replies":[{"embeddable":true,"href":"https:\/\/shop.sumud.fi\/fi\/wp-json\/wp\/v2\/comments?post=5623"}],"wp:featuredmedia":[{"embeddable":true,"href":"https:\/\/shop.sumud.fi\/fi\/wp-json\/wp\/v2\/media\/5625"}],"wp:attachment":[{"href":"https:\/\/shop.sumud.fi\/fi\/wp-json\/wp\/v2\/media?parent=5623"}],"wp:term":[{"taxonomy":"product_brand","embeddable":true,"href":"https:\/\/shop.sumud.fi\/fi\/wp-json\/wp\/v2\/product_brand?post=5623"},{"taxonomy":"product_cat","embeddable":true,"href":"https:\/\/shop.sumud.fi\/fi\/wp-json\/wp\/v2\/product_cat?post=5623"},{"taxonomy":"product_tag","embeddable":true,"href":"https:\/\/shop.sumud.fi\/fi\/wp-json\/wp\/v2\/product_tag?post=5623"}],"curies":[{"name":"wp","href":"https:\/\/api.w.org\/{rel}","templated":true}]}}