{"id":6653,"date":"2025-11-24T14:56:14","date_gmt":"2025-11-24T12:56:14","guid":{"rendered":"https:\/\/shop.sumud.fi\/?post_type=product&#038;p=6653"},"modified":"2026-03-12T11:25:29","modified_gmt":"2026-03-12T09:25:29","slug":"heijastin","status":"publish","type":"product","link":"https:\/\/shop.sumud.fi\/fi\/product\/heijastin\/","title":{"rendered":"Heijastin"},"content":{"rendered":"","protected":false},"excerpt":{"rendered":"<p>N\u00e4y ja anna solidaarisuutesi loistaa pimeydess\u00e4 Sumudin heijastimella.<\/p>\n<p>Heijastimen on suunnitellut taiteilija Iiris Silvola. Printti on painettu heijastimen molemmille puolille.<\/p>\n<p>Halkaisija: 5 cm. Pakkaus sis\u00e4lt\u00e4\u00e4 papukaijalukon ja nauhan kiinnitt\u00e4mist\u00e4 varten.<\/p>\n<p>Heijastin on CE-merkitty (EN 17353:2020) ja tehty Suomessa.<\/p>\n<p><strong>Tilaa omasi ja pysy turvassa pime\u00e4ss\u00e4!<\/strong><\/p>\n","protected":false},"featured_media":6729,"comment_status":"closed","ping_status":"closed","template":"","meta":{"_kad_blocks_custom_css":"","_kad_blocks_head_custom_js":"","_kad_blocks_body_custom_js":"","_kad_blocks_footer_custom_js":"","_kad_post_transparent":"default","_kad_post_title":"","_kad_post_layout":"default","_kad_post_sidebar_id":"","_kad_post_content_style":"default","_kad_post_vertical_padding":"default","_kad_post_feature":"","_kad_post_feature_position":"","_kad_post_header":false,"_kad_post_footer":false,"_kad_post_classname":""},"product_brand":[],"product_cat":[129],"product_tag":[],"class_list":{"0":"post-6653","1":"product","2":"type-product","3":"status-publish","4":"has-post-thumbnail","6":"product_cat-muut-tuotteet","7":"product_shipping_class-normal-fi","9":"first","10":"instock","11":"shipping-taxable","12":"purchasable","13":"product-type-simple","14":"entry","15":"content-bg","16":"loop-entry"},"taxonomy_info":{"product_cat":[{"value":129,"label":"Muut tuotteet"}]},"featured_image_src_large":["https:\/\/shop.sumud.fi\/wp-content\/uploads\/2025\/11\/heijastin_desktop-768x1024.jpg",768,1024,true],"author_info":[],"comment_info":0,"_links":{"self":[{"href":"https:\/\/shop.sumud.fi\/fi\/wp-json\/wp\/v2\/product\/6653","targetHints":{"allow":["GET"]}}],"collection":[{"href":"https:\/\/shop.sumud.fi\/fi\/wp-json\/wp\/v2\/product"}],"about":[{"href":"https:\/\/shop.sumud.fi\/fi\/wp-json\/wp\/v2\/types\/product"}],"replies":[{"embeddable":true,"href":"https:\/\/shop.sumud.fi\/fi\/wp-json\/wp\/v2\/comments?post=6653"}],"wp:featuredmedia":[{"embeddable":true,"href":"https:\/\/shop.sumud.fi\/fi\/wp-json\/wp\/v2\/media\/6729"}],"wp:attachment":[{"href":"https:\/\/shop.sumud.fi\/fi\/wp-json\/wp\/v2\/media?parent=6653"}],"wp:term":[{"taxonomy":"product_brand","embeddable":true,"href":"https:\/\/shop.sumud.fi\/fi\/wp-json\/wp\/v2\/product_brand?post=6653"},{"taxonomy":"product_cat","embeddable":true,"href":"https:\/\/shop.sumud.fi\/fi\/wp-json\/wp\/v2\/product_cat?post=6653"},{"taxonomy":"product_tag","embeddable":true,"href":"https:\/\/shop.sumud.fi\/fi\/wp-json\/wp\/v2\/product_tag?post=6653"}],"curies":[{"name":"wp","href":"https:\/\/api.w.org\/{rel}","templated":true}]}}